{"id":715,"date":"2023-03-08T12:39:53","date_gmt":"2023-03-08T10:39:53","guid":{"rendered":"http:\/\/veluv.it\/?page_id=715"},"modified":"2024-02-02T08:37:47","modified_gmt":"2024-02-02T06:37:47","slug":"privacy-policy","status":"publish","type":"page","link":"https:\/\/veluv.it\/de\/privacy-policy\/","title":{"rendered":"Datenschutzerkl\u00e4rung"},"content":{"rendered":"<div class=\"wp-block-uagb-container uagb-block-0083aa8c default uagb-is-root-container\">\n<div class=\"wp-block-uagb-advanced-heading uagb-block-8de26dee\"><h2 class=\"uagb-heading-text\">Datenschutzerkl\u00e4rung<\/h2><\/div>\n\n\n\n<p class=\"has-link-color wp-elements-f38c42dabf4d330d834add75e62cb698\"><a href=\"http:\/\/veluv.it\/de\/privatslivspolitik\/\" title=\"Privatslivspolitik\">Dansk version<\/a><\/p>\n\n\n\n<div class=\"wp-block-uagb-advanced-heading uagb-block-150ee09d\"><h3 class=\"uagb-heading-text\">Wer wir sind<\/h3><\/div>\n\n\n\n<p>Wir sind verantwortlich f\u00fcr die Verarbeitung der personenbezogenen Daten, die wir von unserer Kundschaft und unseren gesch\u00e4ftlichen Kontakten verarbeiten. Nachfolgend findest du unsere Kontaktdaten.<br><br>Veluv.it ApS<br>Trommesalen 3B, 3.<br>1614 K\u00f8benhavn V<br>Danmark<br><br>CVR-Nr.: 43846337<br><br>Es ist nicht erforderlich, dass unser Unternehmen eine extern datenschutzbeauftragte Person hat, aber falls du Fragen zur Verarbeitung deiner personenbezogenen Daten hast, kannst du uns \u00fcber info@veluv.it kontaktieren.<\/p>\n\n\n\n<div class=\"wp-block-uagb-advanced-heading uagb-block-399ee4ac\"><h3 class=\"uagb-heading-text\">Erfassung personenbezogener Daten<\/h3><\/div>\n\n\n\n<p>Gem\u00e4\u00df der DSGVO haben wir die folgenden Verarbeitungst\u00e4tigkeiten.<\/p>\n\n\n\n<div class=\"wp-block-uagb-advanced-heading uagb-block-5a015b66\"><h4 class=\"uagb-heading-text\">Besuch der Homepage<\/h4><\/div>\n\n\n\n<p>Wenn du unsere Homepage besuchst, verwenden wir Cookies, damit unsere Homepage funktioniert, wor\u00fcber du mehr auf unserem Cookie-Banner lesen kannst.<\/p>\n\n\n\n<div class=\"wp-block-uagb-advanced-heading uagb-block-38fcad6e\"><h4 class=\"uagb-heading-text\">Kommunikation mit potentieller Kundschaft<\/h4><\/div>\n\n\n\n<p>Falls du Fragen zu unserer Homepage hast oder mehr \u00fcber unsere Dienstleistungen erfahren m\u00f6chtest, kannst du uns \u00fcber die folgenden M\u00f6glichkeiten kontaktieren:<\/p>\n\n\n\n<ul class=\"wp-block-list\">\n<li>Kontaktformular<\/li>\n\n\n\n<li>E-Mail<\/li>\n<\/ul>\n\n\n\n<p>Dabei verarbeiten wir deine personenbezogenen Daten, um mit dir in Kontakt treten zu k\u00f6nnen, z.B. um Fragen zu unseren Dienstleistungen zu beantworten. Wir verarbeiten nur die Informationen, die du uns im Zusammenhang mit unserer Kommunikation gibst.<br><br>Wir verarbeiten in der Regel die folgenden allgemeinen Informationen: Name, E-Mail-Adresse, Telefonnummer.<br><br>Unsere Befugnis zur Verarbeitung dieser personenbezogenen Daten ergibt sich aus Art. 6 Abs. 1 lit. f DSGVO.<br><br>Wir l\u00f6schen unsere Kommunikation mit dir, wenn klar ist, ob du unsere Dienstleistungen w\u00fcnschst oder nicht.<br><br>Es kann in einzelnen F\u00e4llen sein, dass sich die Notwendigkeit ergibt, deine personenbezogenen Daten \u00fcber einen l\u00e4ngeren Zeitraum aufzubewahren.<\/p>\n\n\n\n<div class=\"wp-block-uagb-advanced-heading uagb-block-55126654\"><h4 class=\"uagb-heading-text\">Kundschaft<\/h4><\/div>\n\n\n\n<p>Wir m\u00fcssen mit unserer Kundschaft kommunizieren, um sicherzustellen, dass der Service korrekt bereitgestellt wird. Dadurch k\u00f6nnen wir Informationen \u00fcber Name, Adresse, Leistungen, Sondervereinbarungen, Zahlungsinformationen und dergleichen verarbeiten.<br><br>Die Grundlage zur Verarbeitung dieser personenbezogenen Daten ist Art. 6 Abs. 1 lit. b DSGVO.<br><br>Nach Erbringung der Dienstleistung und Erledigung etwaiger ausstehender Angelegenheiten werden wir die personenbezogenen Daten unverz\u00fcglich l\u00f6schen.<\/p>\n\n\n\n<div class=\"wp-block-uagb-advanced-heading uagb-block-5ac53327\"><h4 class=\"uagb-heading-text\">Buchf\u00fchrung<\/h4><\/div>\n\n\n\n<p>Wir m\u00fcssen alle Buchhaltungsunterlagen vgl. Rechnungslegungsgesetz (bogf\u00f8ringsloven) speichern. Das bedeutet, dass wir Rechnungen und \u00e4hnliche Belege zu Abrechnungszwecken speichern. Diese k\u00f6nnen allgemeine personenbezogene Daten wie Name, Adresse, Leistungsbeschreibung enthalten.<br><br>Unsere Grundlage zur Verarbeitung personenbezogener Daten ist Art. 6 Abs. 1 lit c DSGVO.<br><br>Wir speichern diese Informationen f\u00fcr mindestens f\u00fcnf Jahre nach Ende des laufenden Gesch\u00e4ftsjahres.<\/p>\n\n\n\n<div class=\"wp-block-uagb-advanced-heading uagb-block-6d4eeb31\"><h4 class=\"uagb-heading-text\">Datenverarbeitung<\/h4><\/div>\n\n\n\n<p>Nur wenige k\u00f6nnen alles alleine bew\u00e4ltigen und das gilt auch f\u00fcr uns. Wir haben daher gesch\u00e4ftliche Kontakte und Zulieferfirmen, von denen einige Datenverarbeitende sein k\u00f6nnen.<br><br>Externe Anbieter k\u00f6nnen beispielsweise Systeme zur Organisation unsere Arbeit, Dienstleistungen, Beratung, IT-Hosting oder Marketing bereitstellen.<\/p>\n\n\n\n<ul class=\"wp-block-list\">\n<li>SiteGround Spain S.L., Calle Prim 19, 28004 Madrid, Spanien: IT-Hosting<\/li>\n<\/ul>\n\n\n\n<p>Es liegt in unserer Verantwortung sicherzustellen, dass deine personenbezogenen Daten ordnungsgem\u00e4\u00df verarbeitet werden.Deshalb stellen wir hohe Anforderungen an unsere gesch\u00e4ftlichen Kontakte, welche den Schutz deiner personenbezogenen Daten gew\u00e4hrleisten m\u00fcssen.<br><br>Wir schlie\u00dfen daher diesbez\u00fcgliche Vereinbarungen mit Unternehmen (Auftragsverarbeitung), die in unserem Auftrag mit personenbezogenen Daten umgehen, um die Sicherheit deiner personenbezogenen Daten zu erh\u00f6hen.<\/p>\n\n\n\n<div class=\"wp-block-uagb-advanced-heading uagb-block-29478c4c\"><h4 class=\"uagb-heading-text\">Weitergabe personenbezogener Daten<\/h4><\/div>\n\n\n\n<p>Wir geben deine personenbezogenen Daten nicht an Dritte weiter.<\/p>\n\n\n\n<div class=\"wp-block-uagb-advanced-heading uagb-block-12b046dd\"><h4 class=\"uagb-heading-text\">Profiling und automatisierte Entscheidungsfindung<\/h4><\/div>\n\n\n\n<p>Wir f\u00fchren kein Profiling oder keine automatisierte Entscheidungsfindung durch.<\/p>\n\n\n\n<div class=\"wp-block-uagb-advanced-heading uagb-block-753e51df\"><h4 class=\"uagb-heading-text\">Datenverarbeitung in Drittl\u00e4ndern<\/h4><\/div>\n\n\n\n<p>Wir setzen in der Regel Auftragsverarbeitung in der EU\/dem EWR ein oder speichern die Daten in der EU\/dem EWR.<br><br>In einigen F\u00e4llen ist dies nicht m\u00f6glich und hier kann Datenverarbeitung au\u00dferhalb der EU\/des EWR eingesetzt werden, falls hierbei deine personenbezogenen Daten angemessen gesch\u00fctzt werden k\u00f6nnen.<\/p>\n\n\n\n<div class=\"wp-block-uagb-advanced-heading uagb-block-33e04a9d\"><h4 class=\"uagb-heading-text\">Verarbeitungssicherheit<\/h4><\/div>\n\n\n\n<p>Wir sichern die Verarbeitung personenbezogener Daten durch geeignete technische und organisatorische Ma\u00dfnahmen.<\/p>\n\n\n\n<div class=\"wp-block-uagb-advanced-heading uagb-block-7bbc8ccc\"><h3 class=\"uagb-heading-text\">Welche Rechte du an deinen Daten hast<\/h3><\/div>\n\n\n\n<p>Gem\u00e4\u00df der DSGVO hast du eine Reihe von Rechten in Bezug auf unsere Verarbeitung deiner Informationen.<br><br>Falls du von deinen Rechten Gebrauch machen m\u00f6chtest, kontaktiere uns bitte, damit wir dir dabei helfen k\u00f6nnen.<\/p>\n\n\n\n<div class=\"wp-block-uagb-advanced-heading uagb-block-d98007d5\"><h4 class=\"uagb-heading-text\">Auskunftsrecht<\/h4><\/div>\n\n\n\n<p>Du hast das Recht, Einblick in die Informationen zu erhalten, die wir \u00fcber dich verarbeiten, sowie in eine Reihe zus\u00e4tzlicher Informationen.<\/p>\n\n\n\n<div class=\"wp-block-uagb-advanced-heading uagb-block-74f6aef2\"><h4 class=\"uagb-heading-text\">Recht auf Berichtigung<\/h4><\/div>\n\n\n\n<p>Du hast das Recht, unrichtige Angaben zu deiner Person berichtigen zu lassen.<\/p>\n\n\n\n<div class=\"wp-block-uagb-advanced-heading uagb-block-c734daf9\"><h4 class=\"uagb-heading-text\">Recht auf L\u00f6schung<\/h4><\/div>\n\n\n\n<p>In besonderen F\u00e4llen hast du das Recht, dass Informationen \u00fcber dich gel\u00f6scht werden, bevor der Zeitpunkt unserer normalen allgemeinen L\u00f6schung eintritt.<\/p>\n\n\n\n<div class=\"wp-block-uagb-advanced-heading uagb-block-eaeffdd7\"><h4 class=\"uagb-heading-text\">Recht auf Einschr\u00e4nkung der Verarbeitung<\/h4><\/div>\n\n\n\n<p>In bestimmten F\u00e4llen hast du das Recht, die Verarbeitung deiner personenbezogenen Daten einschr\u00e4nken zu lassen. Falls du das Recht auf Einschr\u00e4nkung der Verarbeitung hast, d\u00fcrfen wir die Daten \u2013 von der Speicherung abgesehen \u2013 k\u00fcnftig nur noch mit deiner Einwilligung oder zur Geltendmachung oder Verteidigung von Rechtsanspr\u00fcchen oder zum Schutz einer Personen oder wichtigen \u00f6ffentlicher Interessen verarbeiten.<\/p>\n\n\n\n<div class=\"wp-block-uagb-advanced-heading uagb-block-41d3d8a6\"><h4 class=\"uagb-heading-text\">Widerspruchsrecht<\/h4><\/div>\n\n\n\n<p>In bestimmten F\u00e4llen hast du das Recht, unserer ansonsten rechtm\u00e4\u00dfigen Verarbeitung deiner personenbezogenen Daten zu widersprechen. Du kannst auch der Verarbeitung deiner Daten f\u00fcr Direktmarketing widersprechen.<\/p>\n\n\n\n<div class=\"wp-block-uagb-advanced-heading uagb-block-9c07ed9c\"><h4 class=\"uagb-heading-text\">Recht auf \u00dcbertragung von Informationen<\/h4><\/div>\n\n\n\n<p>In bestimmten F\u00e4llen hast du das Recht, deine personenbezogenen Daten in einem strukturierten, g\u00e4ngigen und maschinenlesbaren Format zu erhalten und diese personenbezogenen Daten ungehindert von einer datenverantwortlichen Person auf eine anderen \u00fcbertragen zu lassen.<br><br>Weitere Informationen zu deinen Rechten findest du in den Leitlinien der d\u00e4nischen Datenschutzbeh\u00f6rde zu den Rechten betroffener Personen auf\u00a0www.datatilsynet.dk.<\/p>\n\n\n\n<div class=\"wp-block-uagb-advanced-heading uagb-block-a03085db\"><h4 class=\"uagb-heading-text\">Widerruf der Einwilligung<\/h4><\/div>\n\n\n\n<p>Falls unsere Verarbeitung deiner personenbezogenen Daten auf deiner Einwilligung beruht, hast du das Recht, deine Einwilligung zu widerrufen.<\/p>\n\n\n\n<div class=\"wp-block-uagb-advanced-heading uagb-block-34e2fe06\"><h4 class=\"uagb-heading-text\">Beschwerde bei der d\u00e4nischen Datenschutzbeh\u00f6rde<\/h4><\/div>\n\n\n\n<p>Du hast das Recht, eine Beschwerde bei der d\u00e4nischen Datenschutzbeh\u00f6rde einzureichen, falls du mit der Art und Weise, wir wir deine personenbezogenen Daten verarbeiten, unzufrieden bist. Die Kontaktinformationen der d\u00e4nischen Datenschutzbeh\u00f6rde findest du auf\u00a0www.datatilsynet.dk.<br><br>Wir empfehlen dir generell, mehr \u00fcber die DSGVO zu lesen, damit du \u00fcber die Regeln auf dem Laufenden bist.<\/p>\n<\/div>","protected":false},"excerpt":{"rendered":"<p>Privacy Policy Dansk version Who we are We are responsible for the personal data that we process about our customers and business partners. You will find our contact details below. Veluv.it ApSTrommesalen 3B, 3.1614 K\u00f8benhavn VDanmark CVR no.: 43846337 It is not a requirement for our company to have an external DPO, but if you [&hellip;]<\/p>\n","protected":false},"author":1,"featured_media":0,"parent":0,"menu_order":0,"comment_status":"closed","ping_status":"closed","template":"","meta":{"om_disable_all_campaigns":false,"_uag_custom_page_level_css":"","_monsterinsights_skip_tracking":false,"_monsterinsights_sitenote_active":false,"_monsterinsights_sitenote_note":"","_monsterinsights_sitenote_category":0,"site-sidebar-layout":"default","site-content-layout":"","ast-site-content-layout":"default","site-content-style":"default","site-sidebar-style":"default","ast-global-header-display":"","ast-banner-title-visibility":"","ast-main-header-display":"","ast-hfb-above-header-display":"","ast-hfb-below-header-display":"","ast-hfb-mobile-header-display":"","site-post-title":"disabled","ast-breadcrumbs-content":"","ast-featured-img":"","footer-sml-layout":"","ast-disable-related-posts":"","theme-transparent-header-meta":"","adv-header-id-meta":"","stick-header-meta":"","header-above-stick-meta":"","header-main-stick-meta":"","header-below-stick-meta":"","astra-migrate-meta-layouts":"set","ast-page-background-enabled":"default","ast-page-background-meta":{"desktop":{"background-color":"var(--ast-global-color-4)","background-image":"","background-repeat":"repeat","background-position":"center center","background-size":"auto","background-attachment":"scroll","background-type":"","background-media":"","overlay-type":"","overlay-color":"","overlay-opacity":"","overlay-gradient":""},"tablet":{"background-color":"","background-image":"","background-repeat":"repeat","background-position":"center center","background-size":"auto","background-attachment":"scroll","background-type":"","background-media":"","overlay-type":"","overlay-color":"","overlay-opacity":"","overlay-gradient":""},"mobile":{"background-color":"","background-image":"","background-repeat":"repeat","background-position":"center center","background-size":"auto","background-attachment":"scroll","background-type":"","background-media":"","overlay-type":"","overlay-color":"","overlay-opacity":"","overlay-gradient":""}},"ast-content-background-meta":{"desktop":{"background-color":"var(--ast-global-color-5)","background-image":"","background-repeat":"repeat","background-position":"center center","background-size":"auto","background-attachment":"scroll","background-type":"","background-media":"","overlay-type":"","overlay-color":"","overlay-opacity":"","overlay-gradient":""},"tablet":{"background-color":"var(--ast-global-color-5)","background-image":"","background-repeat":"repeat","background-position":"center center","background-size":"auto","background-attachment":"scroll","background-type":"","background-media":"","overlay-type":"","overlay-color":"","overlay-opacity":"","overlay-gradient":""},"mobile":{"background-color":"var(--ast-global-color-5)","background-image":"","background-repeat":"repeat","background-position":"center center","background-size":"auto","background-attachment":"scroll","background-type":"","background-media":"","overlay-type":"","overlay-color":"","overlay-opacity":"","overlay-gradient":""}},"footnotes":""},"class_list":["post-715","page","type-page","status-publish","hentry"],"aioseo_notices":[],"uagb_featured_image_src":{"full":false,"thumbnail":false,"medium":false,"medium_large":false,"large":false,"1536x1536":false,"2048x2048":false,"trp-custom-language-flag":false,"wpzoom-rcb-block-header":false,"wpzoom-rcb-block-header-square":false,"wpzoom-rcb-block-step-image":false,"wpzoom-rcb-structured-data-1_1":false,"wpzoom-rcb-structured-data-4_3":false,"wpzoom-rcb-structured-data-16_9":false,"mailpoet_newsletter_max":false,"woocommerce_thumbnail":false,"woocommerce_single":false,"woocommerce_gallery_thumbnail":false},"uagb_author_info":{"display_name":"Thiemo","author_link":"https:\/\/veluv.it\/de\/author\/thiemoz92\/"},"uagb_comment_info":0,"uagb_excerpt":"Privacy Policy Dansk version Who we are We are responsible for the personal data that we process about our customers and business partners. You will find our contact details below. Veluv.it ApSTrommesalen 3B, 3.1614 K\u00f8benhavn VDanmark CVR no.: 43846337 It is not a requirement for our company to have an external DPO, but if you&hellip;","_links":{"self":[{"href":"https:\/\/veluv.it\/de\/wp-json\/wp\/v2\/pages\/715","targetHints":{"allow":["GET"]}}],"collection":[{"href":"https:\/\/veluv.it\/de\/wp-json\/wp\/v2\/pages"}],"about":[{"href":"https:\/\/veluv.it\/de\/wp-json\/wp\/v2\/types\/page"}],"author":[{"embeddable":true,"href":"https:\/\/veluv.it\/de\/wp-json\/wp\/v2\/users\/1"}],"replies":[{"embeddable":true,"href":"https:\/\/veluv.it\/de\/wp-json\/wp\/v2\/comments?post=715"}],"version-history":[{"count":21,"href":"https:\/\/veluv.it\/de\/wp-json\/wp\/v2\/pages\/715\/revisions"}],"predecessor-version":[{"id":1866,"href":"https:\/\/veluv.it\/de\/wp-json\/wp\/v2\/pages\/715\/revisions\/1866"}],"wp:attachment":[{"href":"https:\/\/veluv.it\/de\/wp-json\/wp\/v2\/media?parent=715"}],"curies":[{"name":"wp","href":"https:\/\/api.w.org\/{rel}","templated":true}]}}