{"id":596,"date":"2022-09-29T11:01:20","date_gmt":"2022-09-29T09:01:20","guid":{"rendered":"http:\/\/veluv.it\/?page_id=596"},"modified":"2023-09-08T09:16:34","modified_gmt":"2023-09-08T07:16:34","slug":"about-us","status":"publish","type":"page","link":"https:\/\/veluv.it\/de\/about-us\/","title":{"rendered":"About Veluv.it \u2013 More Vegan Protein Variety for Every Taste"},"content":{"rendered":"<div class=\"wp-block-uagb-container uagb-block-d548adb6 alignfull uagb-is-root-container\"><div class=\"uagb-container-inner-blocks-wrap\">\n<div class=\"wp-block-uagb-container uagb-block-8fd7bc54\">\n<div class=\"wp-block-uagb-advanced-heading uagb-block-c315a77e\"><h1 class=\"uagb-heading-text\">Mehr vegane Proteinvielfalt f\u00fcr jeden Geschmack<\/h1><\/div>\n\n\n\n<p>Mit unseren&nbsp;<a href=\"http:\/\/veluv.it\/de\/products\/\">Produkten<\/a>&nbsp;von Veluv.it wollen wir unseren Kund:innen die M\u00f6glichkeit bieten, leckere, vielseitige und vollwertige Mahlzeiten zuzubereiten. Viele Leute schrecken aus Angst vor zu hohem Zeitaufwand oder aus Angst vor fehlendem Proteingehalt vor einer veganen Ern\u00e4hrung zur\u00fcck. Wir entwickeln Produkte, die diese beiden Bedenken entkr\u00e4ften. Unsere erste Produktlinie sind knusprige proteinreiche Toppings hergestellt aus hochwertigen Zutaten ohne jegliche Zusatzstoffe, die einfach zuzubereiten sind. Diese erweitern Mahlzeiten wie beispielsweise Salate, Gem\u00fcse, Burger, Ramen und viele weitere mit einer proteinreichen, knusprigen und kreativ gew\u00fcrzten Komponente. F\u00fcr unsere Produkte nutzen wir S\u00fc\u00dflupinensamen, welche eine regionale Eiwei\u00dfquelle darstellen. Wir haben den Anspruch eines ganzheitlichen nachhaltigen Ansatzes, da Lupinenpflanzen auch zur Verbesserung der Bodenqualit\u00e4t dienen.<\/p>\n<\/div>\n\n\n\n<div class=\"wp-block-uagb-container uagb-block-b526f1f5\">\n<div class=\"wp-block-uagb-image uagb-block-ff3eafcb wp-block-uagb-image--layout-default wp-block-uagb-image--effect-static wp-block-uagb-image--align-none\"><figure class=\"wp-block-uagb-image__figure\"><img decoding=\"async\" srcset=\"https:\/\/veluv.it\/wp-content\/uploads\/2023\/03\/Veluvit_Product_Photos_Set_001_1.24.1-1024x1024.jpg \" sizes=\"auto, (max-width: 480px) 150px\" src=\"https:\/\/veluv.it\/wp-content\/uploads\/2023\/03\/Veluvit_Product_Photos_Set_001_1.24.1-1024x1024.jpg\" alt=\"Veluv.it Crispy Lupins combined with red cabbage, sweet pepper and onions in a bowl of Ramen expressing the tastiness.\" class=\"uag-image-858\" width=\"1024\" height=\"1024\" title=\"\" loading=\"lazy\"\/><\/figure><\/div>\n<\/div>\n\n\n\n<div class=\"wp-block-uagb-container uagb-block-343d8de1\">\n<div class=\"wp-block-uagb-image uagb-block-b49a8720 wp-block-uagb-image--layout-default wp-block-uagb-image--effect-static wp-block-uagb-image--align-none\"><figure class=\"wp-block-uagb-image__figure\"><img decoding=\"async\" srcset=\"https:\/\/veluv.it\/wp-content\/uploads\/2023\/03\/IMG_2555-1024x768.jpeg \" sizes=\"auto, (max-width: 480px) 150px\" src=\"https:\/\/veluv.it\/wp-content\/uploads\/2023\/03\/IMG_2555-1024x768.jpeg\" alt=\"Co-founder Rouven Felix Pfleger and co-founder Thiemo Zehle in front of flowers expressing ease.\" class=\"uag-image-938\" width=\"1024\" height=\"768\" title=\"\" loading=\"lazy\"\/><\/figure><\/div>\n<\/div>\n\n\n\n<div class=\"wp-block-uagb-container uagb-block-360e9510\">\n<div class=\"wp-block-uagb-advanced-heading uagb-block-88e04583\"><h2 class=\"uagb-heading-text\">Unser Team<\/h2><\/div>\n\n\n\n<p>Wir sind die Gr\u00fcnder von Veluv.it. Zusammen wollen wir vegane Produkte entwickeln, die so lecker sind, dass du weder Fleisch noch Milchprodukte vermisst. Au\u00dferdem stellen wir sicher, dass auf Nachhaltigkeit geachtet wird, sodass du dich darauf konzentrieren kannst, dein Essen zu genie\u00dfen.<\/p>\n<\/div>\n<\/div><\/div>\n\n\n\n<div class=\"wp-block-uagb-container uagb-block-625d260f alignfull uagb-is-root-container\"><div class=\"uagb-container-inner-blocks-wrap\">\n<div class=\"wp-block-uagb-container uagb-block-6d2cde3b\">\n<div class=\"wp-block-uagb-team uagb-team__image-position-above uagb-team__align-center uagb-team__stack-tablet uagb-block-c3cb5627\"><div class=\"uagb-team__content\"><img decoding=\"async\" class=\"uagb-team__image-crop-circle\" src=\"http:\/\/veluv.it\/wp-content\/uploads\/2023\/03\/IMG_2561-150x150.jpg\" alt=\"Co-founder Rouven Felix Pfleger in front of flowers expressing ease.\" height=\"100\" width=\"100\" loading=\"lazy\"\/><h3 class=\"uagb-team__title\">Rouven Pfleger<\/h3><span class=\"uagb-team__prefix\">Mitgr\u00fcnder<\/span><p class=\"uagb-team__desc\">Mein Schwerpunkt liegt auf der Entwicklung unserer Produkte. Falls du Fragen in Bezug auf die Zubereitung hast oder Inspiration f\u00fcr Rezepte mit unseren Produkten ben\u00f6tigst, kannst du mir gerne schreiben.<\/p><ul class=\"uagb-team__social-list\"><li class=\"uagb-team__social-icon\"><a href=\"mailto:rouven.pfleger@veluv.it\" aria-label=\"envelope\" target=\"_self\" title=\"\" rel=\"noopener noreferrer\"><svg xmlns=\"https:\/\/www.w3.org\/2000\/svg\" viewbox=\"0 0 512 512\"><path d=\"M464 64C490.5 64 512 85.49 512 112C512 127.1 504.9 141.3 492.8 150.4L275.2 313.6C263.8 322.1 248.2 322.1 236.8 313.6L19.2 150.4C7.113 141.3 0 127.1 0 112C0 85.49 21.49 64 48 64H464zM217.6 339.2C240.4 356.3 271.6 356.3 294.4 339.2L512 176V384C512 419.3 483.3 448 448 448H64C28.65 448 0 419.3 0 384V176L217.6 339.2z\"><\/path><\/svg><\/a><\/li><\/ul><\/div><\/div>\n<\/div>\n\n\n\n<div class=\"wp-block-uagb-container uagb-block-f49a6368\">\n<div class=\"wp-block-uagb-team uagb-team__image-position-above uagb-team__align-center uagb-team__stack-tablet uagb-block-c0a2c12d\"><div class=\"uagb-team__content\"><img decoding=\"async\" class=\"uagb-team__image-crop-circle\" src=\"http:\/\/veluv.it\/wp-content\/uploads\/2023\/03\/IMG_2557-150x150.jpg\" alt=\"Co-founder Thiemo Zehle in front of flowers expressing ease.\" height=\"100\" width=\"100\" loading=\"lazy\"\/><h3 class=\"uagb-team__title\">Thiemo Zehle<\/h3><span class=\"uagb-team__prefix\">Mitgr\u00fcnder<\/span><p class=\"uagb-team__desc\">Ich bin der Hauptverantwortliche f\u00fcr den operativen und organisatorischen Teil von Veluv.it. Falls du daran interessiert bist, unsere Produkte in dein Sortiment aufzunehmen, nimm gern Kontakt zu mir auf.<\/p><ul class=\"uagb-team__social-list\"><li class=\"uagb-team__social-icon\"><a href=\"mailto:thiemo.zehle@veluv.it\" aria-label=\"envelope\" target=\"_self\" title=\"\" rel=\"noopener noreferrer\"><svg xmlns=\"https:\/\/www.w3.org\/2000\/svg\" viewbox=\"0 0 512 512\"><path d=\"M464 64C490.5 64 512 85.49 512 112C512 127.1 504.9 141.3 492.8 150.4L275.2 313.6C263.8 322.1 248.2 322.1 236.8 313.6L19.2 150.4C7.113 141.3 0 127.1 0 112C0 85.49 21.49 64 48 64H464zM217.6 339.2C240.4 356.3 271.6 356.3 294.4 339.2L512 176V384C512 419.3 483.3 448 448 448H64C28.65 448 0 419.3 0 384V176L217.6 339.2z\"><\/path><\/svg><\/a><\/li><\/ul><\/div><\/div>\n<\/div>\n<\/div><\/div>","protected":false},"excerpt":{"rendered":"<p>More Vegan Protein Variety for Every Taste With our&nbsp;products&nbsp;from Veluv.it we want to give our customers the opportunity to easily prepare delicious, diverse and wholesome meals. Many people fear to commit to plant based nutrition because they think of it as too time consuming or lacking of protein. We develop products that tackle both of [&hellip;]<\/p>\n","protected":false},"author":1,"featured_media":0,"parent":0,"menu_order":0,"comment_status":"closed","ping_status":"closed","template":"","meta":{"om_disable_all_campaigns":false,"_uag_custom_page_level_css":"","_monsterinsights_skip_tracking":false,"_monsterinsights_sitenote_active":false,"_monsterinsights_sitenote_note":"","_monsterinsights_sitenote_category":0,"site-sidebar-layout":"default","site-content-layout":"","ast-site-content-layout":"default","site-content-style":"default","site-sidebar-style":"default","ast-global-header-display":"","ast-banner-title-visibility":"","ast-main-header-display":"","ast-hfb-above-header-display":"","ast-hfb-below-header-display":"","ast-hfb-mobile-header-display":"","site-post-title":"","ast-breadcrumbs-content":"","ast-featured-img":"","footer-sml-layout":"","ast-disable-related-posts":"","theme-transparent-header-meta":"disabled","adv-header-id-meta":"","stick-header-meta":"","header-above-stick-meta":"","header-main-stick-meta":"","header-below-stick-meta":"","astra-migrate-meta-layouts":"set","ast-page-background-enabled":"default","ast-page-background-meta":{"desktop":{"background-color":"var(--ast-global-color-4)","background-image":"","background-repeat":"repeat","background-position":"center center","background-size":"auto","background-attachment":"scroll","background-type":"","background-media":"","overlay-type":"","overlay-color":"","overlay-opacity":"","overlay-gradient":""},"tablet":{"background-color":"","background-image":"","background-repeat":"repeat","background-position":"center center","background-size":"auto","background-attachment":"scroll","background-type":"","background-media":"","overlay-type":"","overlay-color":"","overlay-opacity":"","overlay-gradient":""},"mobile":{"background-color":"","background-image":"","background-repeat":"repeat","background-position":"center center","background-size":"auto","background-attachment":"scroll","background-type":"","background-media":"","overlay-type":"","overlay-color":"","overlay-opacity":"","overlay-gradient":""}},"ast-content-background-meta":{"desktop":{"background-color":"var(--ast-global-color-5)","background-image":"","background-repeat":"repeat","background-position":"center center","background-size":"auto","background-attachment":"scroll","background-type":"","background-media":"","overlay-type":"","overlay-color":"","overlay-opacity":"","overlay-gradient":""},"tablet":{"background-color":"var(--ast-global-color-5)","background-image":"","background-repeat":"repeat","background-position":"center center","background-size":"auto","background-attachment":"scroll","background-type":"","background-media":"","overlay-type":"","overlay-color":"","overlay-opacity":"","overlay-gradient":""},"mobile":{"background-color":"var(--ast-global-color-5)","background-image":"","background-repeat":"repeat","background-position":"center center","background-size":"auto","background-attachment":"scroll","background-type":"","background-media":"","overlay-type":"","overlay-color":"","overlay-opacity":"","overlay-gradient":""}},"footnotes":""},"class_list":["post-596","page","type-page","status-publish","hentry"],"aioseo_notices":[],"uagb_featured_image_src":{"full":false,"thumbnail":false,"medium":false,"medium_large":false,"large":false,"1536x1536":false,"2048x2048":false,"trp-custom-language-flag":false,"wpzoom-rcb-block-header":false,"wpzoom-rcb-block-header-square":false,"wpzoom-rcb-block-step-image":false,"wpzoom-rcb-structured-data-1_1":false,"wpzoom-rcb-structured-data-4_3":false,"wpzoom-rcb-structured-data-16_9":false,"mailpoet_newsletter_max":false,"woocommerce_thumbnail":false,"woocommerce_single":false,"woocommerce_gallery_thumbnail":false},"uagb_author_info":{"display_name":"Thiemo","author_link":"https:\/\/veluv.it\/de\/author\/thiemoz92\/"},"uagb_comment_info":0,"uagb_excerpt":"More Vegan Protein Variety for Every Taste With our&nbsp;products&nbsp;from Veluv.it we want to give our customers the opportunity to easily prepare delicious, diverse and wholesome meals. Many people fear to commit to plant based nutrition because they think of it as too time consuming or lacking of protein. We develop products that tackle both of&hellip;","_links":{"self":[{"href":"https:\/\/veluv.it\/de\/wp-json\/wp\/v2\/pages\/596","targetHints":{"allow":["GET"]}}],"collection":[{"href":"https:\/\/veluv.it\/de\/wp-json\/wp\/v2\/pages"}],"about":[{"href":"https:\/\/veluv.it\/de\/wp-json\/wp\/v2\/types\/page"}],"author":[{"embeddable":true,"href":"https:\/\/veluv.it\/de\/wp-json\/wp\/v2\/users\/1"}],"replies":[{"embeddable":true,"href":"https:\/\/veluv.it\/de\/wp-json\/wp\/v2\/comments?post=596"}],"version-history":[{"count":21,"href":"https:\/\/veluv.it\/de\/wp-json\/wp\/v2\/pages\/596\/revisions"}],"predecessor-version":[{"id":1676,"href":"https:\/\/veluv.it\/de\/wp-json\/wp\/v2\/pages\/596\/revisions\/1676"}],"wp:attachment":[{"href":"https:\/\/veluv.it\/de\/wp-json\/wp\/v2\/media?parent=596"}],"curies":[{"name":"wp","href":"https:\/\/api.w.org\/{rel}","templated":true}]}}