{"id":580,"date":"2022-09-29T10:49:39","date_gmt":"2022-09-29T08:49:39","guid":{"rendered":"http:\/\/veluv.it\/?page_id=580"},"modified":"2024-01-10T13:18:29","modified_gmt":"2024-01-10T11:18:29","slug":"products","status":"publish","type":"page","link":"https:\/\/veluv.it\/de\/products\/","title":{"rendered":"Verfeiner Gerichte mit CRISPY LUPINS: Entdecke die proteinreiche Revolution"},"content":{"rendered":"<div class=\"wp-block-uagb-container uagb-block-1cc39be3 alignfull uagb-is-root-container\"><div class=\"uagb-container-inner-blocks-wrap\">\n<div class=\"wp-block-uagb-advanced-heading uagb-block-90d56f99\"><h2 class=\"uagb-heading-text\"><strong>Verfeiner Gerichte mit CRISPY LUPINS: Entdecke die proteinreiche Revolution<\/strong><\/h2><\/div>\n<\/div><\/div>\n\n\n\n<div class=\"wp-block-uagb-container uagb-block-0f7a9f67 alignfull uagb-is-root-container\"><div class=\"uagb-container-inner-blocks-wrap\">\n<div class=\"wp-block-uagb-container uagb-block-6059a05c\">\n<div class=\"wp-block-uagb-advanced-heading uagb-block-559e4cc6\"><h4 class=\"uagb-heading-text\">Was sind CRISPY LUPINS?<\/h4><\/div>\n<\/div>\n\n\n\n<div class=\"wp-block-uagb-container uagb-block-d9c26957\">\n<p>Fragst du dich, was CRISPY LUPINS sind? CRISPY LUPINS sind eine Trockenmischung auf Basis von Lupinensamen zur Herstellung von Patties, Toppings oder how you <a href=\"http:\/\/luv.it\">luv.it<\/a>! Es kann deinem Lieblingsgericht knusprige pflanzliche Proteine verleihen oder du kannst deiner Kreativit\u00e4t freien Lauf lassen und ein v\u00f6llig neues Gericht zubereiten. Das Einzige, was du brauchst, ist etwas Wasser und eine Pfanne oder einen Ofen.<\/p>\n<\/div>\n\n\n\n<div class=\"wp-block-uagb-container uagb-block-f08ec7f3\">\n<div class=\"wp-block-uagb-advanced-heading uagb-block-3b344aa5\"><h4 class=\"uagb-heading-text\">Was ist der Unterschied zu anderen Produkten?<\/h4><\/div>\n<\/div>\n\n\n\n<div class=\"wp-block-uagb-container uagb-block-a8685113\">\n<p>Du brauchst nicht einmal einen K\u00fchlschrank, um CRISPY LUPINS aufzubewahren! Du kannst sie einfach in deinem Schrank haben und sie verwenden, wann immer du m\u00f6chtest. Dadurch hast du mehr Platz f\u00fcr frisches Gem\u00fcse und Obst in deinem K\u00fchlschrank.<\/p>\n<\/div>\n<\/div><\/div>\n\n\n\n<div class=\"wp-block-uagb-container uagb-block-60980ba4 alignfull uagb-is-root-container\"><div class=\"uagb-container-inner-blocks-wrap\">\n<div class=\"wp-block-uagb-container uagb-block-7e849059\">\n<div class=\"wp-block-uagb-advanced-heading uagb-block-22e66291\"><h3 class=\"uagb-heading-text\">Eigenschaften<\/h3><\/div>\n<\/div>\n\n\n\n<div class=\"wp-block-uagb-container uagb-block-7bbeaac8\">\n<div class=\"wp-block-uagb-icon-list uagb-block-6a937e8a\"><div class=\"uagb-icon-list__wrap\">\n<div class=\"wp-block-uagb-icon-list-child uagb-block-552285c9\"><span class=\"uagb-icon-list__source-wrap\"><svg xmlns=\"https:\/\/www.w3.org\/2000\/svg\" viewbox=\"0 0 512 512\"><path d=\"M510.3 445.9L437.3 153.8C433.5 138.5 420.8 128 406.4 128H346.1c3.625-9.1 5.875-20.75 5.875-32c0-53-42.1-96-96-96S159.1 43 159.1 96c0 11.25 2.25 22 5.875 32H105.6c-14.38 0-27.13 10.5-30.88 25.75l-73.01 292.1C-6.641 479.1 16.36 512 47.99 512h416C495.6 512 518.6 479.1 510.3 445.9zM256 128C238.4 128 223.1 113.6 223.1 96S238.4 64 256 64c17.63 0 32 14.38 32 32S273.6 128 256 128z\"><\/path><\/svg><\/span><span class=\"uagb-icon-list__label\">22-30 % Eiwei\u00df<\/span><\/div>\n\n\n\n<div class=\"wp-block-uagb-icon-list-child uagb-block-8539e891\"><span class=\"uagb-icon-list__source-wrap\"><svg xmlns=\"https:\/\/www.w3.org\/2000\/svg\" viewbox=\"0 0 512 512\"><path d=\"M512 165.4c0 127.9-70.05 235.3-175.3 270.1c-20.04 7.938-41.83 12.46-64.69 12.46c-64.9 0-125.2-36.51-155.7-94.47c-54.13 49.93-68.71 107-68.96 108.1C44.72 472.6 34.87 480 24.02 480c-1.844 0-3.727-.2187-5.602-.6562c-12.89-3.098-20.84-16.08-17.75-28.96c9.598-39.5 90.47-226.4 335.3-226.4C344.8 224 352 216.8 352 208S344.8 192 336 192C228.6 192 151 226.6 96.29 267.6c.1934-10.82 1.242-21.84 3.535-33.05c13.47-65.81 66.04-119 131.4-134.2c28.33-6.562 55.68-6.013 80.93-.0054c56 13.32 118.2-7.412 149.3-61.24c5.664-9.828 20.02-9.516 24.66 .8282C502.7 76.76 512 121.9 512 165.4z\"><\/path><\/svg><\/span><span class=\"uagb-icon-list__label\">vegan und bio<\/span><\/div>\n\n\n\n<div class=\"wp-block-uagb-icon-list-child uagb-block-4982a933\"><span class=\"uagb-icon-list__source-wrap\"><svg xmlns=\"https:\/\/www.w3.org\/2000\/svg\" viewbox=\"0 0 384 512\"><path d=\"M376.6 427.5c11.31 13.58 9.484 33.75-4.094 45.06c-5.984 4.984-13.25 7.422-20.47 7.422c-9.172 0-18.27-3.922-24.59-11.52L192 305.1l-135.4 162.5c-6.328 7.594-15.42 11.52-24.59 11.52c-7.219 0-14.48-2.438-20.47-7.422c-13.58-11.31-15.41-31.48-4.094-45.06l142.9-171.5L7.422 84.5C-3.891 70.92-2.063 50.75 11.52 39.44c13.56-11.34 33.73-9.516 45.06 4.094L192 206l135.4-162.5c11.3-13.58 31.48-15.42 45.06-4.094c13.58 11.31 15.41 31.48 4.094 45.06l-142.9 171.5L376.6 427.5z\"><\/path><\/svg><\/span><span class=\"uagb-icon-list__label\">ohne Zusatzstoffe und Zuckerzusatz<\/span><\/div>\n\n\n\n<div class=\"wp-block-uagb-icon-list-child uagb-block-460d24e6\"><span class=\"uagb-icon-list__source-wrap\"><svg xmlns=\"https:\/\/www.w3.org\/2000\/svg\" viewbox=\"0 0 640 512\"><path d=\"M0 488V171.3C0 145.2 15.93 121.6 40.23 111.9L308.1 4.753C315.7 1.702 324.3 1.702 331.9 4.753L599.8 111.9C624.1 121.6 640 145.2 640 171.3V488C640 501.3 629.3 512 616 512H568C554.7 512 544 501.3 544 488V223.1C544 206.3 529.7 191.1 512 191.1H128C110.3 191.1 96 206.3 96 223.1V488C96 501.3 85.25 512 72 512H24C10.75 512 0 501.3 0 488zM152 512C138.7 512 128 501.3 128 488V432H512V488C512 501.3 501.3 512 488 512H152zM128 336H512V400H128V336zM128 224H512V304H128V224z\"><\/path><\/svg><\/span><span class=\"uagb-icon-list__label\">lange haltbar<\/span><\/div>\n<\/div><\/div>\n<\/div>\n<\/div><\/div>\n\n\n\n<div class=\"wp-block-uagb-container uagb-block-6f25fcce alignfull uagb-is-root-container\"><div class=\"uagb-container-inner-blocks-wrap\">\n<div class=\"wp-block-uagb-container uagb-block-d41f26e8 alignfull uagb-is-root-container\"><div class=\"uagb-container-inner-blocks-wrap\">\n<div class=\"wp-block-uagb-advanced-heading uagb-block-67d6ce0b\"><h3 class=\"uagb-heading-text\">Wie schmecken CRISPY LUPINS?<\/h3><\/div>\n<\/div><\/div>\n\n\n\n<div class=\"wp-block-uagb-container uagb-block-d4be0550 alignfull uagb-is-root-container\"><div class=\"uagb-container-inner-blocks-wrap\">\n<p class=\"has-text-align-center\">Wie der Name schon sagt, zeichnen sich unsere CRISPY LUPINS durch eine herrlich knusprige Konsistenz aus. In puncto Konsistenz stehen die Produkte mehr f\u00fcr sich als f\u00fcr eine Fleischalternative. CRISPY LUPINS haben einen Umami-Geschmack, die Aromen h\u00e4ngen jedoch von der gew\u00e4hlten Variante ab.<\/p>\n<\/div><\/div>\n<\/div><\/div>\n\n\n\n<div class=\"wp-block-uagb-container uagb-block-7b054d8e alignfull uagb-is-root-container\"><div class=\"uagb-container-inner-blocks-wrap\">\n<div class=\"wp-block-uagb-container uagb-block-d5c6c3b5\">\n<div class=\"wp-block-uagb-info-box uagb-block-8d4266d1 uagb-infobox__content-wrap  uagb-infobox-icon-above-title uagb-infobox-image-valign-top\"><div class=\"uagb-ifb-content\"><div class=\"uagb-ifb-image-content\"><img decoding=\"async\" src=\"http:\/\/veluv.it\/wp-content\/uploads\/2023\/08\/crispy-lupins-mediterranean.jpg\" alt=\"Packaging of Veluv.it CRISPY LUPINS Mediterranean with a drawing of a serving suggestion as a topping on a green salad.\" width=\"100\" height=\"154\" loading=\"lazy\"\/><\/div><div class=\"uagb-ifb-title-wrap\"><h4 class=\"uagb-ifb-title\">Mediterran<\/h4><\/div><p class=\"uagb-ifb-desc\">Bist du ein Fan von Kr\u00e4utern wie Oregano und Rosmarin? Dann w\u00e4hl <a href=\"http:\/\/veluv.it\/de\/produkt\/crispy-lupins-mediterranean\/\" title=\"CRISPY LUPINS Mediterranean\">Mediterran<\/a>.<\/p><div class=\"uagb-ifb-button-wrapper wp-block-button\"><a href=\"http:\/\/veluv.it\/de\/produkt\/crispy-lupins-mediterranean\/\" class=\"uagb-infobox-cta-link wp-block-button__link\" target=\"_self\" rel=\"noopener noreferrer\" onclick=\"return true;\" alt=\"\"><span class=\"uagb-inline-editing\">Im Shop ansehen<\/span><\/a><\/div><\/div><\/div>\n<\/div>\n\n\n\n<div class=\"wp-block-uagb-container uagb-block-93d09dff\">\n<div class=\"wp-block-uagb-info-box uagb-block-26a5dabe uagb-infobox__content-wrap  uagb-infobox-icon-above-title uagb-infobox-image-valign-top\"><div class=\"uagb-ifb-content\"><div class=\"uagb-ifb-image-content\"><img decoding=\"async\" src=\"http:\/\/veluv.it\/wp-content\/uploads\/2023\/08\/veluvit-paprika-print-m-size-martha-fp-mit-euroloch-1.jpg\" alt=\"Packaging of Veluv.it CRISPY LUPINS Paprika with a drawing of a serving suggestion as a as a patty in a burger.\" width=\"100\" height=\"154\" loading=\"lazy\"\/><\/div><div class=\"uagb-ifb-title-wrap\"><h4 class=\"uagb-ifb-title\">Paprika<\/h4><\/div><p class=\"uagb-ifb-desc\">Wenn du bekannte Geschmacksrichtungen magst, entscheid dich f\u00fcr die <a href=\"http:\/\/veluv.it\/de\/produkt\/crispy-lupins-paprika\/\" title=\"CRISPY LUPINS Paprika\">Paprika<\/a> Variante.<\/p><div class=\"uagb-ifb-button-wrapper wp-block-button\"><a href=\"http:\/\/veluv.it\/de\/produkt\/crispy-lupins-paprika\/\" class=\"uagb-infobox-cta-link wp-block-button__link\" target=\"_self\" rel=\"noopener noreferrer\" onclick=\"return true;\" alt=\"\"><span class=\"uagb-inline-editing\">Im Shop ansehen<\/span><\/a><\/div><\/div><\/div>\n<\/div>\n\n\n\n<div class=\"wp-block-uagb-container uagb-block-d0de5011\">\n<div class=\"wp-block-uagb-info-box uagb-block-d9f7b5eb uagb-infobox__content-wrap  uagb-infobox-icon-above-title uagb-infobox-image-valign-top\"><div class=\"uagb-ifb-content\"><div class=\"uagb-ifb-image-content\"><img decoding=\"async\" src=\"http:\/\/veluv.it\/wp-content\/uploads\/2023\/08\/veluvit-zesty-print-m-size-martha-fp-mit-euroloch-1.jpg\" alt=\"Packaging of Veluv.it CRISPY LUPINS Zestywith a drawing of a serving suggestion as a as a topping on ramen.\" width=\"100\" height=\"154\" loading=\"lazy\"\/><\/div><div class=\"uagb-ifb-title-wrap\"><h4 class=\"uagb-ifb-title\">Zesty<\/h4><\/div><p class=\"uagb-ifb-desc\">Bist du abenteuerlustig und m\u00f6chtest etwas Neues probieren? <a href=\"http:\/\/veluv.it\/de\/produkt\/crispy-lupins-zesty\/\" title=\"CRISPY LUPINS Zesty\">Zesty<\/a> ist definitiv das richtige Produkt f\u00fcr dich.<\/p><div class=\"uagb-ifb-button-wrapper wp-block-button\"><a href=\"http:\/\/veluv.it\/de\/produkt\/crispy-lupins-zesty\/\" class=\"uagb-infobox-cta-link wp-block-button__link\" target=\"_self\" rel=\"noopener noreferrer\" onclick=\"return true;\" alt=\"\"><span class=\"uagb-inline-editing\">Im Shop ansehen<\/span><\/a><\/div><\/div><\/div>\n<\/div>\n<\/div><\/div>\n\n\n\n<div class=\"wp-block-uagb-container uagb-block-15e13038 alignfull uagb-is-root-container\"><div class=\"uagb-container-inner-blocks-wrap\">\n<div class=\"wp-block-uagb-container uagb-block-7faabb9f\">\n<div class=\"wp-block-uagb-image uagb-block-ba6dd50a wp-block-uagb-image--layout-default wp-block-uagb-image--effect-static wp-block-uagb-image--align-none\"><figure class=\"wp-block-uagb-image__figure\"><img decoding=\"async\" srcset=\"https:\/\/veluv.it\/wp-content\/uploads\/2023\/11\/IMG_3438-scaled.jpeg ,https:\/\/veluv.it\/wp-content\/uploads\/2023\/11\/IMG_3438-scaled.jpeg 780w, https:\/\/veluv.it\/wp-content\/uploads\/2023\/11\/IMG_3438-scaled.jpeg 360w\" sizes=\"auto, (max-width: 480px) 150px\" src=\"https:\/\/veluv.it\/wp-content\/uploads\/2023\/11\/IMG_3438-scaled.jpeg\" alt=\"Prepared CRISPY LUPINS Paprika, in the middle in patty size and right of it in topping or snack size, surrounded by pumpkin seeds, shredded sweet lupins, rosemary and herbs.\" class=\"uag-image-1705\" width=\"1024\" height=\"768\" title=\"\" loading=\"lazy\"\/><figcaption class=\"uagb-image-caption\">Variier die Gr\u00f6\u00dfe der CRISPY LUPINS Mediterranean, um jedes Gericht zu verfeinern oder sie als herrlich aromatischen Snack zu genie\u00dfen.<\/figcaption><\/figure><\/div>\n<\/div>\n\n\n\n<div class=\"wp-block-uagb-container uagb-block-73d7616f\">\n<div class=\"wp-block-uagb-image uagb-block-cb9b9323 wp-block-uagb-image--layout-default wp-block-uagb-image--effect-static wp-block-uagb-image--align-none\"><figure class=\"wp-block-uagb-image__figure\"><img decoding=\"async\" srcset=\"https:\/\/veluv.it\/wp-content\/uploads\/2023\/11\/IMG_3453corr-2-scaled.jpeg ,https:\/\/veluv.it\/wp-content\/uploads\/2023\/11\/IMG_3453corr-2-scaled.jpeg 780w, https:\/\/veluv.it\/wp-content\/uploads\/2023\/11\/IMG_3453corr-2-scaled.jpeg 360w\" sizes=\"auto, (max-width: 480px) 150px\" src=\"https:\/\/veluv.it\/wp-content\/uploads\/2023\/11\/IMG_3453corr-2-scaled.jpeg\" alt=\"Prepared CRISPY LUPINS Paprika, in the middle in patty size and right of it in topping or snack size, surrounded by oat flakes, shredded sweet lupins and paprika.\" class=\"uag-image-1706\" width=\"1024\" height=\"768\" title=\"\" loading=\"lazy\"\/><figcaption class=\"uagb-image-caption\">Pass die Gr\u00f6\u00dfe von CRISPY LUPINS Paprika individuell an, um jedes Gericht zu verfeinern oder es als k\u00f6stlichen, aromatischen Snack zu genie\u00dfen.<\/figcaption><\/figure><\/div>\n<\/div>\n\n\n\n<div class=\"wp-block-uagb-container uagb-block-c3cc0219\">\n<div class=\"wp-block-uagb-image uagb-block-1e2fac9b wp-block-uagb-image--layout-default wp-block-uagb-image--effect-static wp-block-uagb-image--align-none\"><figure class=\"wp-block-uagb-image__figure\"><img decoding=\"async\" srcset=\"https:\/\/veluv.it\/wp-content\/uploads\/2023\/11\/IMG_3447_corr-2-scaled.jpeg ,https:\/\/veluv.it\/wp-content\/uploads\/2023\/11\/IMG_3447_corr-2-scaled.jpeg 780w, https:\/\/veluv.it\/wp-content\/uploads\/2023\/11\/IMG_3447_corr-2-scaled.jpeg 360w\" sizes=\"auto, (max-width: 480px) 150px\" src=\"https:\/\/veluv.it\/wp-content\/uploads\/2023\/11\/IMG_3447_corr-2-scaled.jpeg\" alt=\"Prepared CRISPY LUPINS Zesty, in the middle in patty size and right of it in topping or snack size, surrounded by cashew nuts, shredded sweet lupins and spices.\" class=\"uag-image-1707\" width=\"1024\" height=\"768\" title=\"\" loading=\"lazy\"\/><figcaption class=\"uagb-image-caption\">Vielseitigkeit vom Feinsten! Pass die Gr\u00f6\u00dfe von CRISPY LUPINS Zesty individuell an, um jedes Gericht zu erg\u00e4nzen oder als geschmackvollen Snack zu genie\u00dfen.<\/figcaption><\/figure><\/div>\n<\/div>\n<\/div><\/div>\n\n\n\n<div class=\"wp-block-uagb-container uagb-block-dced5971 alignfull uagb-is-root-container\"><div class=\"uagb-container-inner-blocks-wrap\">\n<div class=\"wp-block-uagb-container uagb-block-262a041a alignfull uagb-is-root-container\"><div class=\"uagb-container-inner-blocks-wrap\">\n<div class=\"wp-block-uagb-advanced-heading uagb-block-b23e493c\"><h3 class=\"uagb-heading-text\">Wie integriere ich CRISPY LUPINS in meine t\u00e4gliche Ern\u00e4hrung?<\/h3><\/div>\n<\/div><\/div>\n\n\n\n<div class=\"wp-block-uagb-container uagb-block-7ca47935 alignfull uagb-is-root-container\"><div class=\"uagb-container-inner-blocks-wrap\">\n<p class=\"has-text-align-center\">Du fragst dich, woher du deine Proteine beziehst, wenn du dich entscheidest, einen Salat zu essen? Brat einfach ein paar kleine St\u00fccke CRISPY LUPINS an und kombinier sie mit deinen Salaten! Oder wie w\u00e4re es mit einem interessanteren Burger mit etwas Knusprigkeit? Hast du schon einmal \u00fcber ein neues Topping f\u00fcr deine Ramen nachgedacht? Dies sind nur drei Vorschl\u00e4ge, aber du kannst CRISPY LUPINS zu Gerichten hinzuf\u00fcgen, die du bereits kennst, um ihnen etwas Knusprigkeit zu verleihen. Mit unserem Produkt ist deine Kreativit\u00e4t die einzige Grenze f\u00fcr eine geschmackvolle und gesunde Mahlzeit.<\/p>\n<\/div><\/div>\n<\/div><\/div>","protected":false},"excerpt":{"rendered":"<p>Elevate Meals with CRISPY LUPINS: Discover the Protein-Rich Revolution What are CRISPY LUPINS? Wondering what CRISPY LUPINS are? CRISPY LUPINS are a dry mix based on Lupin seeds for making patties, toppings or how you luv.it! It can give your favourite meal some crispy plant based proteins or you can be creative and make a [&hellip;]<\/p>\n","protected":false},"author":1,"featured_media":0,"parent":0,"menu_order":0,"comment_status":"closed","ping_status":"closed","template":"","meta":{"om_disable_all_campaigns":false,"_uag_custom_page_level_css":"","_monsterinsights_skip_tracking":false,"_monsterinsights_sitenote_active":false,"_monsterinsights_sitenote_note":"","_monsterinsights_sitenote_category":0,"site-sidebar-layout":"default","site-content-layout":"","ast-site-content-layout":"default","site-content-style":"default","site-sidebar-style":"default","ast-global-header-display":"","ast-banner-title-visibility":"","ast-main-header-display":"","ast-hfb-above-header-display":"","ast-hfb-below-header-display":"","ast-hfb-mobile-header-display":"","site-post-title":"","ast-breadcrumbs-content":"","ast-featured-img":"","footer-sml-layout":"","ast-disable-related-posts":"","theme-transparent-header-meta":"disabled","adv-header-id-meta":"","stick-header-meta":"","header-above-stick-meta":"","header-main-stick-meta":"","header-below-stick-meta":"","astra-migrate-meta-layouts":"set","ast-page-background-enabled":"default","ast-page-background-meta":{"desktop":{"background-color":"var(--ast-global-color-4)","background-image":"","background-repeat":"repeat","background-position":"center center","background-size":"auto","background-attachment":"scroll","background-type":"","background-media":"","overlay-type":"","overlay-color":"","overlay-opacity":"","overlay-gradient":""},"tablet":{"background-color":"","background-image":"","background-repeat":"repeat","background-position":"center center","background-size":"auto","background-attachment":"scroll","background-type":"","background-media":"","overlay-type":"","overlay-color":"","overlay-opacity":"","overlay-gradient":""},"mobile":{"background-color":"","background-image":"","background-repeat":"repeat","background-position":"center center","background-size":"auto","background-attachment":"scroll","background-type":"","background-media":"","overlay-type":"","overlay-color":"","overlay-opacity":"","overlay-gradient":""}},"ast-content-background-meta":{"desktop":{"background-color":"var(--ast-global-color-5)","background-image":"","background-repeat":"repeat","background-position":"center center","background-size":"auto","background-attachment":"scroll","background-type":"","background-media":"","overlay-type":"","overlay-color":"","overlay-opacity":"","overlay-gradient":""},"tablet":{"background-color":"var(--ast-global-color-5)","background-image":"","background-repeat":"repeat","background-position":"center center","background-size":"auto","background-attachment":"scroll","background-type":"","background-media":"","overlay-type":"","overlay-color":"","overlay-opacity":"","overlay-gradient":""},"mobile":{"background-color":"var(--ast-global-color-5)","background-image":"","background-repeat":"repeat","background-position":"center center","background-size":"auto","background-attachment":"scroll","background-type":"","background-media":"","overlay-type":"","overlay-color":"","overlay-opacity":"","overlay-gradient":""}},"footnotes":""},"class_list":["post-580","page","type-page","status-publish","hentry"],"aioseo_notices":[],"uagb_featured_image_src":{"full":false,"thumbnail":false,"medium":false,"medium_large":false,"large":false,"1536x1536":false,"2048x2048":false,"trp-custom-language-flag":false,"wpzoom-rcb-block-header":false,"wpzoom-rcb-block-header-square":false,"wpzoom-rcb-block-step-image":false,"wpzoom-rcb-structured-data-1_1":false,"wpzoom-rcb-structured-data-4_3":false,"wpzoom-rcb-structured-data-16_9":false,"mailpoet_newsletter_max":false,"woocommerce_thumbnail":false,"woocommerce_single":false,"woocommerce_gallery_thumbnail":false},"uagb_author_info":{"display_name":"Thiemo","author_link":"https:\/\/veluv.it\/de\/author\/thiemoz92\/"},"uagb_comment_info":0,"uagb_excerpt":"Elevate Meals with CRISPY LUPINS: Discover the Protein-Rich Revolution What are CRISPY LUPINS? Wondering what CRISPY LUPINS are? CRISPY LUPINS are a dry mix based on Lupin seeds for making patties, toppings or how you luv.it! It can give your favourite meal some crispy plant based proteins or you can be creative and make a&hellip;","_links":{"self":[{"href":"https:\/\/veluv.it\/de\/wp-json\/wp\/v2\/pages\/580","targetHints":{"allow":["GET"]}}],"collection":[{"href":"https:\/\/veluv.it\/de\/wp-json\/wp\/v2\/pages"}],"about":[{"href":"https:\/\/veluv.it\/de\/wp-json\/wp\/v2\/types\/page"}],"author":[{"embeddable":true,"href":"https:\/\/veluv.it\/de\/wp-json\/wp\/v2\/users\/1"}],"replies":[{"embeddable":true,"href":"https:\/\/veluv.it\/de\/wp-json\/wp\/v2\/comments?post=580"}],"version-history":[{"count":61,"href":"https:\/\/veluv.it\/de\/wp-json\/wp\/v2\/pages\/580\/revisions"}],"predecessor-version":[{"id":1817,"href":"https:\/\/veluv.it\/de\/wp-json\/wp\/v2\/pages\/580\/revisions\/1817"}],"wp:attachment":[{"href":"https:\/\/veluv.it\/de\/wp-json\/wp\/v2\/media?parent=580"}],"curies":[{"name":"wp","href":"https:\/\/api.w.org\/{rel}","templated":true}]}}