{"id":1542,"date":"2023-09-12T11:27:08","date_gmt":"2023-09-12T09:27:08","guid":{"rendered":"http:\/\/veluv.it\/?page_id=1542"},"modified":"2023-09-19T12:53:06","modified_gmt":"2023-09-19T10:53:06","slug":"handelsbetingelser","status":"publish","type":"page","link":"https:\/\/veluv.it\/de\/handelsbetingelser\/","title":{"rendered":"Handelsbetingelser"},"content":{"rendered":"<div class=\"wp-block-uagb-container uagb-block-93d55286 default uagb-is-root-container\">\n<div class=\"wp-block-uagb-advanced-heading uagb-block-0e1995fc\"><h2 class=\"uagb-heading-text\">Handelsbetingelser<\/h2><\/div>\n\n\n\n<p>Veluv.it ApS<br>Theodore Roosevelts Vej 19, 3. 3<br>2450 K\u00f8benhavn SV<br>Tel.:&nbsp;<a href=\"tel:+4529211242\">+4529211242<\/a><br>CVR-Nr.: 43846337<\/p>\n\n\n\n<div class=\"wp-block-uagb-advanced-heading uagb-block-96b67941\"><h3 class=\"uagb-heading-text\">Betaling<\/h3><\/div>\n\n\n\n<p>Veluv.it ApS modtager online betalinger med Visa, Mastercard, American Express, ApplePay.<br><br>Betaling vil f\u00f8rst blive trukket p\u00e5 din konto, n\u00e5r den fysiske vare afsendes eller det virtuelle produkt er oprettet med mindre andet er aftalt eller fremg\u00e5r af din ordre.<br><br>Alle bel\u00f8b p\u00e5 hjemmesiden er inklusiv moms.<br>Hjemmesiden bruger f\u00f8lgende valutaer til priss\u00e6tning:<br>D\u00e4nemark \u2013 Kronen (DKK), Euro (EUR)<br><br>Veluv.it ApS benytter en sikker betalingsserver, der krypterer alle oplysninger med SSL protokol hvilket betyder din data er sikker og ikke kan l\u00e6ses af andre udefrakommende.<\/p>\n\n\n\n<div class=\"wp-block-uagb-advanced-heading uagb-block-a3e12fa4\"><h3 class=\"uagb-heading-text\">Levering<\/h3><\/div>\n\n\n\n<p>Leveringstiden for din ordre er 3-5 hverdage.<\/p>\n\n\n\n<div class=\"wp-block-uagb-advanced-heading uagb-block-7e43a040\"><h3 class=\"uagb-heading-text\">Fortrydelsesret<\/h3><\/div>\n\n\n\n<p>Der gives 14 dages fuld returret p\u00e5 varer k\u00f8bt p\u00e5 hjemmesiden med mindre andet er aftalt eller fremg\u00e5r af din ordre.<br><br>Den 14 dags periode starter den dag hvor ordren er leveret.<br><br>Eventuelle returneringsomkostninger afholder du selv.<br><br>\u00d8nske om fortrydelse skal meddeles os senest 14 efter leveringen og v\u00e6re os i h\u00e6nde seneste 14 dage efter vi er informeret om dit brug af fortrydelsesretten.<br><br>\u00d8nske om brug af fortrydelsesret skal gives sendes p\u00e5 mail&nbsp;<a href=\"mailto:info@veluv.it\">info@veluv.it<\/a>. I meddelelsen skal der g\u00f8res tydeligt opm\u00e6rksom p\u00e5 dit \u00f8nske om brugen af fortrydelsesret.<\/p>\n\n\n\n<div class=\"wp-block-uagb-advanced-heading uagb-block-3fafe2cc\"><h3 class=\"uagb-heading-text\">Varens stand ved returnering<\/h3><\/div>\n\n\n\n<p>Du h\u00e6fter for den forringelse af varens v\u00e6rdi, som skyldes anden h\u00e5ndtering, end hvad der er n\u00f8dvendigt for at fastsl\u00e5 varens art, egenskaber og funktion. Dette betyder at du m\u00e5 pr\u00f8ve varen p\u00e5 samme m\u00e5de som hvis du handlede i en fysisk butik.<br><br>Hvis varen er pr\u00f8vet udover, hvad der er beskrevet ovenfor, betragtes den som brugt og af forringet v\u00e6rdi. Dette betyder, at du ved fortrydelse af k\u00f8bet f\u00e5r en mindre del eller intet af k\u00f8bsbel\u00f8bet retur. Det er op til Veluv.it ApS at vurdere varens stand.<\/p>\n\n\n\n<div class=\"wp-block-uagb-advanced-heading uagb-block-ed09bea8\"><h3 class=\"uagb-heading-text\">Reklamationsret<\/h3><\/div>\n\n\n\n<p>Der gives 2 \u00e5rs reklamationsret p\u00e5 produkter i henhold til den danske k\u00f8belov. Reklamationsretten g\u00e6lder for alle fejl i software, materiale og fabrikation.<br><br>Reklamation vedr. fejl og mangler skal meddeles til Veluv.it ApS i rimelig tid efter varens modtagelse.&nbsp;Her anses max. to m\u00e5neder som rimelig tid, med mindre andet er aftalt.Vi refunderer rimelige fragtomkostninger.<br><br>Reklamationen frafalder ved forkert eller ualmindelig betjening af produktet.<br><br>Veluv.it ApS d\u00e6kker returneringsomkostningerne i rimeligt omfang.<br><br>Ved returnering kontaktes virksomheden:<br><br><strong>Veluv.it ApS<\/strong><br>Theodore Roosevelts Vej 19, 3. 3.<br>2450 K\u00f8benhavn SV<br>Tel.:&nbsp;<a href=\"tel:+4529211242\">+4529211242<\/a><br><br>Reklamationer modtages&nbsp;<strong>ikke<\/strong>&nbsp;hvis disse er sendt p\u00e5 efterkrav.<\/p>\n\n\n\n<div class=\"wp-block-uagb-advanced-heading uagb-block-53ec7524\"><h3 class=\"uagb-heading-text\">Kunde- &amp; Privatlivspolitik<\/h3><\/div>\n\n\n\n<p>Vi videres\u00e6lger ikke personlige oplysninger og videregiver ikke dine personlige oplysninger til andre, de er kun registreret i vores kundekartotek. Du kan til enhver tid f\u00e5 slettet dine oplysninger.<br><br>For at du kan indg\u00e5 aftale med Veluv.it ApS, har vi brug for f\u00f8lgende oplysninger:<\/p>\n\n\n\n<ul class=\"wp-block-list\">\n<li>Navn<\/li>\n\n\n\n<li>Adresse<\/li>\n\n\n\n<li>E-mail adresse<\/li>\n<\/ul>\n\n\n\n<p>Vi foretager registreringen af dine personoplysninger med det form\u00e5l, at kunne levere varen til dig.<br><br>Personoplysningerne registreres hos Veluv.it ApS og opbevares i op til fem \u00e5r, hvorefter oplysningerne slettes.<br><br>N\u00e5r der indsamles personoplysninger via vores hjemmeside, sikrer vi, at det altid sker ved afgivelse af dit udtrykkelige samtykke, s\u00e5ledes at du er informeret om pr\u00e6cis, hvilke oplysninger, der indsamles og hvorfor.<br><br>Direkt\u00f8ren og de ansatte for Veluv.it ApS har adgang til de oplysninger, der registreres om dig.<br><br>Den dataansvarlige i Veluv.it ApS er: Thiemo Zehle<br><br>Vi opbevarer og transmitterer ikke kundeoplysninger krypteret.<br><br>Som registreret hos Veluv.it ApS har du altid ret til at g\u00f8re indsigelse mod registreringen. Du har ogs\u00e5 ret til indsigt i, hvilke oplysninger, der er registreret om dig. Disse rettigheder har du efter Persondataloven og henvendelse i forbindelse hermed rettes til&nbsp;<a href=\"mailto:info@veluv.it\">info@veluv.it<\/a>.<\/p>\n\n\n\n<div class=\"wp-block-uagb-advanced-heading uagb-block-9e05c5fe\"><h4 class=\"uagb-heading-text\">Cookies<\/h4><\/div>\n\n\n\n<p>P\u00e5 <a href=\"http:\/\/veluv.it\/de\/\">http:\/\/veluv.it\/<\/a> anvendes cookies med det form\u00e5l at optimere hjemmesiden og dets funktionalitet, og dermed g\u00f8re bes\u00f8get s\u00e5 nemt som muligt for dig.<br><br>Du kan l\u00e6se mere om det under <a href=\"http:\/\/veluv.it\/de\/privatslivspolitik\/\" title=\"Privatslivspolitik\">Privatslivspolitik<\/a>.<br><br>Du kan til enhver tid slette cookies fra din computer.<\/p>\n\n\n\n<div class=\"wp-block-uagb-advanced-heading uagb-block-4890a920\"><h4 class=\"uagb-heading-text\">Log-Statistik<\/h4><\/div>\n\n\n\n<p>Vi bruger en log-statistik p\u00e5 <a href=\"http:\/\/veluv.it\/de\/\">http:\/\/veluv.it\/<\/a>, hvilket betyder, at et statistik-system opsamler information, som kan give et statistisk billede af, hvor mange bes\u00f8gende vi har, hvor de kommer fra og hvor p\u00e5 websitet det forlades mv.<br><br>Logstatistikken anvendes kun med det form\u00e5l, at optimere Veluv.it ApS&#8217;s hjemmeside.<\/p>\n\n\n\n<div class=\"wp-block-uagb-advanced-heading uagb-block-0aaf62a6\"><h3 class=\"uagb-heading-text\">Klagemuligheder<\/h3><\/div>\n\n\n\n<p>Klager over produkter kan sendes til:<br><br><strong>Konkurrence- og Forbrugerstyrelsens<\/strong><br>Carl Jacobsens Vej 35<br>2500 Valby<br><a href=\"https:\/\/www.forbrug.dk\/\" title=\"\">www.forbrug.dk<\/a><br><br>For EU-borgere uden for EU skal klager sendes via EU Kommissionens online klageplatform.<br><a href=\"http:\/\/ec.europa.eu\/consumers\/odr\/\">ec.europa.eu<\/a><br><br>Ved klage skal vores email adresse angives: <a href=\"mailto:info@veluv.it\">info@veluv.it<\/a> samt hjemmesiden du har k\u00f8bt varen p\u00e5.<\/p>\n<\/div>","protected":false},"excerpt":{"rendered":"<p>Handelsbetingelser Veluv.it ApSTheodore Roosevelts Vej 19, 3. 32450 K\u00f8benhavn SVTLF:&nbsp;+4529211242CVR no.: 43846337 Betaling Veluv.it ApS modtager online betalinger med Visa, Mastercard, American Express, ApplePay. Betaling vil f\u00f8rst blive trukket p\u00e5 din konto, n\u00e5r den fysiske vare afsendes eller det virtuelle produkt er oprettet med mindre andet er aftalt eller fremg\u00e5r af din ordre. Alle bel\u00f8b [&hellip;]<\/p>\n","protected":false},"author":1,"featured_media":0,"parent":0,"menu_order":0,"comment_status":"closed","ping_status":"closed","template":"","meta":{"om_disable_all_campaigns":false,"_uag_custom_page_level_css":"","_monsterinsights_skip_tracking":false,"_monsterinsights_sitenote_active":false,"_monsterinsights_sitenote_note":"","_monsterinsights_sitenote_category":0,"site-sidebar-layout":"default","site-content-layout":"","ast-site-content-layout":"default","site-content-style":"default","site-sidebar-style":"default","ast-global-header-display":"","ast-banner-title-visibility":"","ast-main-header-display":"","ast-hfb-above-header-display":"","ast-hfb-below-header-display":"","ast-hfb-mobile-header-display":"","site-post-title":"disabled","ast-breadcrumbs-content":"","ast-featured-img":"","footer-sml-layout":"","ast-disable-related-posts":"","theme-transparent-header-meta":"disabled","adv-header-id-meta":"","stick-header-meta":"","header-above-stick-meta":"","header-main-stick-meta":"","header-below-stick-meta":"","astra-migrate-meta-layouts":"set","ast-page-background-enabled":"default","ast-page-background-meta":{"desktop":{"background-color":"var(--ast-global-color-4)","background-image":"","background-repeat":"repeat","background-position":"center center","background-size":"auto","background-attachment":"scroll","background-type":"","background-media":"","overlay-type":"","overlay-color":"","overlay-opacity":"","overlay-gradient":""},"tablet":{"background-color":"","background-image":"","background-repeat":"repeat","background-position":"center center","background-size":"auto","background-attachment":"scroll","background-type":"","background-media":"","overlay-type":"","overlay-color":"","overlay-opacity":"","overlay-gradient":""},"mobile":{"background-color":"","background-image":"","background-repeat":"repeat","background-position":"center center","background-size":"auto","background-attachment":"scroll","background-type":"","background-media":"","overlay-type":"","overlay-color":"","overlay-opacity":"","overlay-gradient":""}},"ast-content-background-meta":{"desktop":{"background-color":"var(--ast-global-color-5)","background-image":"","background-repeat":"repeat","background-position":"center center","background-size":"auto","background-attachment":"scroll","background-type":"","background-media":"","overlay-type":"","overlay-color":"","overlay-opacity":"","overlay-gradient":""},"tablet":{"background-color":"var(--ast-global-color-5)","background-image":"","background-repeat":"repeat","background-position":"center center","background-size":"auto","background-attachment":"scroll","background-type":"","background-media":"","overlay-type":"","overlay-color":"","overlay-opacity":"","overlay-gradient":""},"mobile":{"background-color":"var(--ast-global-color-5)","background-image":"","background-repeat":"repeat","background-position":"center center","background-size":"auto","background-attachment":"scroll","background-type":"","background-media":"","overlay-type":"","overlay-color":"","overlay-opacity":"","overlay-gradient":""}},"footnotes":""},"class_list":["post-1542","page","type-page","status-publish","hentry"],"aioseo_notices":[],"uagb_featured_image_src":{"full":false,"thumbnail":false,"medium":false,"medium_large":false,"large":false,"1536x1536":false,"2048x2048":false,"trp-custom-language-flag":false,"wpzoom-rcb-block-header":false,"wpzoom-rcb-block-header-square":false,"wpzoom-rcb-block-step-image":false,"wpzoom-rcb-structured-data-1_1":false,"wpzoom-rcb-structured-data-4_3":false,"wpzoom-rcb-structured-data-16_9":false,"mailpoet_newsletter_max":false,"woocommerce_thumbnail":false,"woocommerce_single":false,"woocommerce_gallery_thumbnail":false},"uagb_author_info":{"display_name":"Thiemo","author_link":"https:\/\/veluv.it\/de\/author\/thiemoz92\/"},"uagb_comment_info":0,"uagb_excerpt":"Handelsbetingelser Veluv.it ApSTheodore Roosevelts Vej 19, 3. 32450 K\u00f8benhavn SVTLF:&nbsp;+4529211242CVR no.: 43846337 Betaling Veluv.it ApS modtager online betalinger med Visa, Mastercard, American Express, ApplePay. Betaling vil f\u00f8rst blive trukket p\u00e5 din konto, n\u00e5r den fysiske vare afsendes eller det virtuelle produkt er oprettet med mindre andet er aftalt eller fremg\u00e5r af din ordre. Alle bel\u00f8b&hellip;","_links":{"self":[{"href":"https:\/\/veluv.it\/de\/wp-json\/wp\/v2\/pages\/1542","targetHints":{"allow":["GET"]}}],"collection":[{"href":"https:\/\/veluv.it\/de\/wp-json\/wp\/v2\/pages"}],"about":[{"href":"https:\/\/veluv.it\/de\/wp-json\/wp\/v2\/types\/page"}],"author":[{"embeddable":true,"href":"https:\/\/veluv.it\/de\/wp-json\/wp\/v2\/users\/1"}],"replies":[{"embeddable":true,"href":"https:\/\/veluv.it\/de\/wp-json\/wp\/v2\/comments?post=1542"}],"version-history":[{"count":5,"href":"https:\/\/veluv.it\/de\/wp-json\/wp\/v2\/pages\/1542\/revisions"}],"predecessor-version":[{"id":1606,"href":"https:\/\/veluv.it\/de\/wp-json\/wp\/v2\/pages\/1542\/revisions\/1606"}],"wp:attachment":[{"href":"https:\/\/veluv.it\/de\/wp-json\/wp\/v2\/media?parent=1542"}],"curies":[{"name":"wp","href":"https:\/\/api.w.org\/{rel}","templated":true}]}}