{"id":1282,"date":"2023-09-12T11:12:01","date_gmt":"2023-09-12T09:12:01","guid":{"rendered":"http:\/\/veluv.it\/?page_id=1282"},"modified":"2024-02-02T08:36:47","modified_gmt":"2024-02-02T06:36:47","slug":"refund_returns","status":"publish","type":"page","link":"https:\/\/veluv.it\/de\/refund_returns\/","title":{"rendered":"Gesch\u00e4ftsbedingungen"},"content":{"rendered":"<div class=\"wp-block-uagb-container uagb-block-77971d24 default uagb-is-root-container\">\n<div class=\"wp-block-uagb-advanced-heading uagb-block-0e6ac3a0\"><h2 class=\"uagb-heading-text\">Gesch\u00e4ftsbedingungen<\/h2><\/div>\n\n\n\n<p><a href=\"http:\/\/veluv.it\/de\/handelsbetingelser\/\" title=\"Handelsbetingelser\">Dansk version<\/a><\/p>\n\n\n\n<div class=\"wp-block-uagb-advanced-heading uagb-block-0121c78a\"><h3 class=\"uagb-heading-text\">Wer wir sind<\/h3><\/div>\n\n\n\n<p>Veluv.it ApS<br>Trommesalen 3B, 3.<br>1614 K\u00f8benhavn V<br>Danmark<br>Tel.:\u00a0<a href=\"tel:+4529211242\">+4529211242<\/a><br>CVR-Nr.: 43846337<\/p>\n\n\n\n<div class=\"wp-block-uagb-advanced-heading uagb-block-af51509e\"><h3 class=\"uagb-heading-text\">Zahlung<\/h3><\/div>\n\n\n\n<p>Veluv.it ApS akzeptiert Online-Zahlungen mit Visa, Mastercard, American Express, UnionPay und Apple Pay.<br><br>Die Zahlung erfolgt erst dann von deinem Konto, wenn der physische Artikel versendet oder das virtuelle Produkt erstellt wird, sofern nichts anderes vereinbart oder in Ihrer Bestellung angegeben ist.<br><br>Alle Betr\u00e4ge auf der Website verstehen sich inklusive Mehrwertsteuer.<br>Die Website verwendet die folgenden W\u00e4hrungen f\u00fcr die Preisgestaltung:<br>D\u00e4nemark \u2013 Kronen (DKK), Euro (EUR)<br><br>Veluv.it ApS verwendet einen sicheren Zahlungsserver, der alle Informationen mit dem SSL-Protokoll verschl\u00fcsselt, was bedeutet, dass deine Daten sicher sind und nicht von Au\u00dfenstehenden gelesen werden k\u00f6nnen.<\/p>\n\n\n\n<div class=\"wp-block-uagb-advanced-heading uagb-block-ffd4569b\"><h3 class=\"uagb-heading-text\">Lieferung<\/h3><\/div>\n\n\n\n<p>Die Lieferzeit deiner Bestellung betr\u00e4gt 3-5 Werktage.<\/p>\n\n\n\n<div class=\"wp-block-uagb-advanced-heading uagb-block-f5b4e8e1\"><h3 class=\"uagb-heading-text\">Widerrufsrecht<\/h3><\/div>\n\n\n\n<p>Es besteht ein 14-t\u00e4giges volles R\u00fcckgaberecht f\u00fcr auf der Website gekaufte Waren, sofern nicht anders vereinbart oder in Ihrer Bestellung angegeben.<br><br>Die 14-Tage-Frist beginnt mit dem Tag der Lieferung der Bestellung.<br><br>Eventuelle R\u00fccksendekosten liegen in deiner eigenen Verantwortung.<br><br>Widerrufsw\u00fcnsche m\u00fcssen uns sp\u00e4testens 14 Tage nach Lieferung mitgeteilt werden und sp\u00e4testens 14 Tage, nachdem wir \u00fcber die Aus\u00fcbung des Widerrufsrechts informiert wurden, bei uns eingehen.<br><br>Der Antrag auf Aus\u00fcbung des Widerrufsrechts muss per E-Mail erfolgen <a href=\"mailto:info@veluv.it\">info@veluv.it<\/a>. In der Mitteilung muss klar dargelegt werden, dass du von deinem Widerrufsrecht Gebrauch machen m\u00f6chtest.<\/p>\n\n\n\n<div class=\"wp-block-uagb-advanced-heading uagb-block-b4db23b2\"><h3 class=\"uagb-heading-text\">Zustand des Artikels bei R\u00fcckgabe<\/h3><\/div>\n\n\n\n<p>Du haftest f\u00fcr einen Wertverlust der Waren, der auf einen zur Pr\u00fcfung der Beschaffenheit, Eigenschaften und Funktionsweise der Waren nicht notwendigen Umgang mit dir zur\u00fcckzuf\u00fchren ist. Das bedeutet, dass du das Produkt auf die gleiche Weise ausprobieren musst, als ob du in einem Ladengesch\u00e4ft eingekauft h\u00e4ttest.<br><br>Wenn der Artikel \u00fcber die oben beschriebenen hinausgehend anprobiert wurde, gilt er als gebraucht und hat einen Wertverlust. Das hei\u00dft, wenn du den Kauf stornierst, erh\u00e4ltst du einen geringeren Teil oder gar keinen Kaufbetrag zur\u00fcck. Es obliegt Veluv.it ApS, den Zustand der Ware zu beurteilen.<\/p>\n\n\n\n<div class=\"wp-block-uagb-advanced-heading uagb-block-bb3604cf\"><h3 class=\"uagb-heading-text\">Reklamationsanspruch<\/h3><\/div>\n\n\n\n<p>Gem\u00e4\u00df dem d\u00e4nischen Kaufgesetz gibt es auf Produkte eine zweij\u00e4hrige Garantie. Das Reklamationsrecht gilt f\u00fcr s\u00e4mtliche Software-, Material- und Herstellungsfehler.<br><br>Reklamationen bez\u00fcglich Fehlern und M\u00e4ngeln m\u00fcssen Veluv.it ApS innerhalb einer angemessenen Zeit nach Erhalt der Ware mitgeteilt werden. Hier gelten max. zwei Monate als angemessene Frist, sofern nichts anderes vereinbart ist. Wir erstatten angemessene Versandkosten.<br><br>Bei fehlerhafter oder ungew\u00f6hnlicher Bedienung des Produkts entf\u00e4llt die Reklamation.<br><br>Veluv.it ApS \u00fcbernimmt die R\u00fccksendekosten in angemessenem Umfang.<br><br>Bei R\u00fccksendung wende dich bitte an das Unternehmen:<br><br><strong>Veluv.it ApS<\/strong><br>Trommesalen 3B, 3.<br>1614 K\u00f8benhavn V<br>Tel.:\u00a0<a href=\"tel:+4529211242\">+4529211242<\/a><br><br>Reklamationen werden <strong>nicht<\/strong> angenommen, wenn diese per Nachnahme versandt wurden.<\/p>\n\n\n\n<div class=\"wp-block-uagb-advanced-heading uagb-block-4ec670a6\"><h3 class=\"uagb-heading-text\">Kunden- &amp; Datenschutzrichtlinie<\/h3><\/div>\n\n\n\n<p>Wir verkaufen deine pers\u00f6nlichen Daten nicht weiter und geben deine pers\u00f6nlichen Daten nicht an andere weiter, sie werden lediglich in unserem Kundenverzeichnis registriert. Du kannst deine Daten jederzeit l\u00f6schen lassen.<br><br>Damit du einen Vertrag mit Veluv.it ApS abschlie\u00dfen kannst, ben\u00f6tigen wir die folgenden Informationen:<\/p>\n\n\n\n<ul class=\"wp-block-list\">\n<li>Name<\/li>\n\n\n\n<li>Adresse<\/li>\n\n\n\n<li>E-Mail-Adresse<\/li>\n<\/ul>\n\n\n\n<p>Wir erfassen deine personenbezogenen Daten mit dem Ziel, die Ware an dich liefern zu k\u00f6nnen.<br><br>Die pers\u00f6nlichen Daten werden bei Veluv.it ApS registriert und bis zu f\u00fcnf Jahre lang gespeichert, danach werden die Daten gel\u00f6scht.<br><br>Bei der Erhebung personenbezogener Daten \u00fcber unsere Website stellen wir sicher, dass dies stets mit deiner ausdr\u00fccklichen Einwilligung geschieht, sodass du genau dar\u00fcber informiert bist, welche Informationen zu welchem Zweck erfasst werden.<br><br>Die Direktoren und Mitarbeiter:innen von Veluv.it ApS haben Zugriff auf die \u00fcber dich registrierten Informationen.<br><br>Der Datenverantwortliche bei Veluv.it ApS ist: Thiemo Zehle<br><br>Wir speichern und \u00fcbermitteln Kundeninformationen nicht verschl\u00fcsselt.<br><br>Als bei Veluv.it ApS registrierter Nutzer hast du stets das Recht, der Registrierung zu widersprechen. Du hast au\u00dferdem das Recht, auf die \u00fcber dich registrierten Informationen zuzugreifen. Du hast diese Rechte gem\u00e4\u00df dem Datenschutzgesetz und diesbez\u00fcgliche Anfragen sollten gerichtet werden an <a href=\"mailto:info@veluv.it\">info@veluv.it<\/a>.<\/p>\n\n\n\n<div class=\"wp-block-uagb-advanced-heading uagb-block-c9bb1ae1\"><h4 class=\"uagb-heading-text\">Cookies<\/h4><\/div>\n\n\n\n<p>Bei <a href=\"http:\/\/veluv.it\/de\/\">http:\/\/veluv.it\/<\/a> werden Cookies mit dem Ziel eingesetzt, die Website und ihre Funktionalit\u00e4t zu optimieren und so den Besuch f\u00fcr dich so einfach wie m\u00f6glich zu gestalten.<br><br>Mehr dazu kannst du lesen unter <a href=\"http:\/\/veluv.it\/de\/privacy-policy\/\" title=\"Datenschutzerkl\u00e4rung\">Datenschutzerkl\u00e4rung<\/a>.<br><br>Du kannst Cookies jederzeit von deinem Computer l\u00f6schen.<\/p>\n\n\n\n<div class=\"wp-block-uagb-advanced-heading uagb-block-7e939813\"><h4 class=\"uagb-heading-text\">Log-Statistik<\/h4><\/div>\n\n\n\n<p>Wir verwenden Protokollstatistiken auf <a href=\"http:\/\/veluv.it\/de\/\">http:\/\/veluv.it\/<\/a>, was bedeutet, dass ein Statistiksystem Informationen sammelt, die ein statistisches Bild dar\u00fcber liefern k\u00f6nnen, wie viele Besucher:innen wir haben, woher sie kommen und wo auf der Website sie verlassen usw.<br><br>Die Protokollstatistiken werden nur zum Zweck der Optimierung der Website von Veluv.it ApS verwendet.<\/p>\n\n\n\n<div class=\"wp-block-uagb-advanced-heading uagb-block-e878737c\"><h3 class=\"uagb-heading-text\">Beschwerdem\u00f6glichkeiten<\/h3><\/div>\n\n\n\n<p>Beschwerden zu Produkten k\u00f6nnen an folgende Adresse gerichtet werden:<br><br><strong>Konkurrence- og Forbrugerstyrelsens<\/strong><br>Carl Jacobsens Vej 35<br>2500 Valby<br>Danmark<br><a href=\"https:\/\/www.forbrug.dk\/\" title=\"\">www.forbrug.dk<\/a><br><br>F\u00fcr EU-B\u00fcrger:innen au\u00dferhalb der EU m\u00fcssen Beschwerden \u00fcber die Online-Beschwerdeplattform der EU-Kommission eingereicht werden.<br><a href=\"https:\/\/ec.europa.eu\" title=\"ec.europa.eu\">ec.europa.eu<\/a><br><br>Im Falle einer Beschwerde ist unbedingt unsere E-Mail-Adresse anzugeben: <a href=\"mailto:info@veluv.it\">info@veluv.it<\/a> sowie die Website, auf der du den Artikel gekauft hast.<\/p>\n<\/div>","protected":false},"excerpt":{"rendered":"<p>Terms and Conditions Dansk version Who we are Veluv.it ApSTrommesalen 3B, 3.1614 K\u00f8benhavn VDanmarkTLF:\u00a0+4529211242CVR no.: 43846337 Payment Veluv.it ApS accepts online payments with Visa, Mastercard, American Express, UnionPay, ApplePay. Payment will only be debited to your account when the physical item is shipped or the virtual product is created, unless otherwise agreed or stated in [&hellip;]<\/p>\n","protected":false},"author":1,"featured_media":0,"parent":0,"menu_order":0,"comment_status":"closed","ping_status":"closed","template":"","meta":{"om_disable_all_campaigns":false,"_uag_custom_page_level_css":"","_monsterinsights_skip_tracking":false,"_monsterinsights_sitenote_active":false,"_monsterinsights_sitenote_note":"","_monsterinsights_sitenote_category":0,"site-sidebar-layout":"default","site-content-layout":"","ast-site-content-layout":"default","site-content-style":"default","site-sidebar-style":"default","ast-global-header-display":"","ast-banner-title-visibility":"","ast-main-header-display":"","ast-hfb-above-header-display":"","ast-hfb-below-header-display":"","ast-hfb-mobile-header-display":"","site-post-title":"disabled","ast-breadcrumbs-content":"","ast-featured-img":"","footer-sml-layout":"","ast-disable-related-posts":"","theme-transparent-header-meta":"disabled","adv-header-id-meta":"","stick-header-meta":"","header-above-stick-meta":"","header-main-stick-meta":"","header-below-stick-meta":"","astra-migrate-meta-layouts":"set","ast-page-background-enabled":"default","ast-page-background-meta":{"desktop":{"background-color":"var(--ast-global-color-4)","background-image":"","background-repeat":"repeat","background-position":"center center","background-size":"auto","background-attachment":"scroll","background-type":"","background-media":"","overlay-type":"","overlay-color":"","overlay-opacity":"","overlay-gradient":""},"tablet":{"background-color":"","background-image":"","background-repeat":"repeat","background-position":"center center","background-size":"auto","background-attachment":"scroll","background-type":"","background-media":"","overlay-type":"","overlay-color":"","overlay-opacity":"","overlay-gradient":""},"mobile":{"background-color":"","background-image":"","background-repeat":"repeat","background-position":"center center","background-size":"auto","background-attachment":"scroll","background-type":"","background-media":"","overlay-type":"","overlay-color":"","overlay-opacity":"","overlay-gradient":""}},"ast-content-background-meta":{"desktop":{"background-color":"var(--ast-global-color-5)","background-image":"","background-repeat":"repeat","background-position":"center center","background-size":"auto","background-attachment":"scroll","background-type":"","background-media":"","overlay-type":"","overlay-color":"","overlay-opacity":"","overlay-gradient":""},"tablet":{"background-color":"var(--ast-global-color-5)","background-image":"","background-repeat":"repeat","background-position":"center center","background-size":"auto","background-attachment":"scroll","background-type":"","background-media":"","overlay-type":"","overlay-color":"","overlay-opacity":"","overlay-gradient":""},"mobile":{"background-color":"var(--ast-global-color-5)","background-image":"","background-repeat":"repeat","background-position":"center center","background-size":"auto","background-attachment":"scroll","background-type":"","background-media":"","overlay-type":"","overlay-color":"","overlay-opacity":"","overlay-gradient":""}},"footnotes":""},"class_list":["post-1282","page","type-page","status-publish","hentry"],"aioseo_notices":[],"uagb_featured_image_src":{"full":false,"thumbnail":false,"medium":false,"medium_large":false,"large":false,"1536x1536":false,"2048x2048":false,"trp-custom-language-flag":false,"wpzoom-rcb-block-header":false,"wpzoom-rcb-block-header-square":false,"wpzoom-rcb-block-step-image":false,"wpzoom-rcb-structured-data-1_1":false,"wpzoom-rcb-structured-data-4_3":false,"wpzoom-rcb-structured-data-16_9":false,"mailpoet_newsletter_max":false,"woocommerce_thumbnail":false,"woocommerce_single":false,"woocommerce_gallery_thumbnail":false},"uagb_author_info":{"display_name":"Thiemo","author_link":"https:\/\/veluv.it\/de\/author\/thiemoz92\/"},"uagb_comment_info":0,"uagb_excerpt":"Terms and Conditions Dansk version Who we are Veluv.it ApSTrommesalen 3B, 3.1614 K\u00f8benhavn VDanmarkTLF:\u00a0+4529211242CVR no.: 43846337 Payment Veluv.it ApS accepts online payments with Visa, Mastercard, American Express, UnionPay, ApplePay. Payment will only be debited to your account when the physical item is shipped or the virtual product is created, unless otherwise agreed or stated in&hellip;","_links":{"self":[{"href":"https:\/\/veluv.it\/de\/wp-json\/wp\/v2\/pages\/1282","targetHints":{"allow":["GET"]}}],"collection":[{"href":"https:\/\/veluv.it\/de\/wp-json\/wp\/v2\/pages"}],"about":[{"href":"https:\/\/veluv.it\/de\/wp-json\/wp\/v2\/types\/page"}],"author":[{"embeddable":true,"href":"https:\/\/veluv.it\/de\/wp-json\/wp\/v2\/users\/1"}],"replies":[{"embeddable":true,"href":"https:\/\/veluv.it\/de\/wp-json\/wp\/v2\/comments?post=1282"}],"version-history":[{"count":12,"href":"https:\/\/veluv.it\/de\/wp-json\/wp\/v2\/pages\/1282\/revisions"}],"predecessor-version":[{"id":1865,"href":"https:\/\/veluv.it\/de\/wp-json\/wp\/v2\/pages\/1282\/revisions\/1865"}],"wp:attachment":[{"href":"https:\/\/veluv.it\/de\/wp-json\/wp\/v2\/media?parent=1282"}],"curies":[{"name":"wp","href":"https:\/\/api.w.org\/{rel}","templated":true}]}}